{"id":6,"date":"2026-04-26T17:09:32","date_gmt":"2026-04-26T17:09:32","guid":{"rendered":"https:\/\/microbit.jablonski.wroclaw.pl\/?page_id=6"},"modified":"2026-04-27T11:55:02","modified_gmt":"2026-04-27T11:55:02","slug":"pupil","status":"publish","type":"page","link":"https:\/\/microbit.jablonski.wroclaw.pl\/?page_id=6","title":{"rendered":"Pupil"},"content":{"rendered":"\n<p>Tutaj bedzie opis programu pupil. To jest ten program. Wa\u017cne trzeba doda\u0107 rozszerzenie z mikrofonem.Je\u015bli niemasz  mikrofonu w Micro:bit do nie dodawaj. <\/p>\n\n\n\n<figure class=\"wp-block-image size-full\"><img loading=\"lazy\" decoding=\"async\" width=\"841\" height=\"749\" src=\"https:\/\/microbit.jablonski.wroclaw.pl\/wp-content\/uploads\/2026\/04\/image-1.png\" alt=\"\" class=\"wp-image-17\" srcset=\"https:\/\/microbit.jablonski.wroclaw.pl\/wp-content\/uploads\/2026\/04\/image-1.png 841w, https:\/\/microbit.jablonski.wroclaw.pl\/wp-content\/uploads\/2026\/04\/image-1-300x267.png 300w, https:\/\/microbit.jablonski.wroclaw.pl\/wp-content\/uploads\/2026\/04\/image-1-768x684.png 768w\" sizes=\"auto, (max-width: 841px) 100vw, 841px\" \/><\/figure>\n\n\n\n<p>Strona do programowania: <a href=\"http:\/\/microbit.org\/start\" data-type=\"link\" data-id=\"microbit.org\/start\">microbit.org\/start<\/a><\/p>\n\n\n\n<p>Mo\u017cliwe aktualizacje.<\/p>\n\n\n\n<p><\/p>\n","protected":false},"excerpt":{"rendered":"<p>Tutaj bedzie opis programu pupil. To jest ten program. Wa\u017cne trzeba doda\u0107 rozszerzenie z mikrofonem.Je\u015bli niemasz mikrofonu w Micro:bit do nie dodawaj. Strona do programowania: microbit.org\/start Mo\u017cliwe aktualizacje.<\/p>\n","protected":false},"author":1,"featured_media":0,"parent":0,"menu_order":0,"comment_status":"closed","ping_status":"closed","template":"","meta":{"footnotes":""},"class_list":["post-6","page","type-page","status-publish","hentry"],"_links":{"self":[{"href":"https:\/\/microbit.jablonski.wroclaw.pl\/index.php?rest_route=\/wp\/v2\/pages\/6","targetHints":{"allow":["GET"]}}],"collection":[{"href":"https:\/\/microbit.jablonski.wroclaw.pl\/index.php?rest_route=\/wp\/v2\/pages"}],"about":[{"href":"https:\/\/microbit.jablonski.wroclaw.pl\/index.php?rest_route=\/wp\/v2\/types\/page"}],"author":[{"embeddable":true,"href":"https:\/\/microbit.jablonski.wroclaw.pl\/index.php?rest_route=\/wp\/v2\/users\/1"}],"replies":[{"embeddable":true,"href":"https:\/\/microbit.jablonski.wroclaw.pl\/index.php?rest_route=%2Fwp%2Fv2%2Fcomments&post=6"}],"version-history":[{"count":4,"href":"https:\/\/microbit.jablonski.wroclaw.pl\/index.php?rest_route=\/wp\/v2\/pages\/6\/revisions"}],"predecessor-version":[{"id":26,"href":"https:\/\/microbit.jablonski.wroclaw.pl\/index.php?rest_route=\/wp\/v2\/pages\/6\/revisions\/26"}],"wp:attachment":[{"href":"https:\/\/microbit.jablonski.wroclaw.pl\/index.php?rest_route=%2Fwp%2Fv2%2Fmedia&parent=6"}],"curies":[{"name":"wp","href":"https:\/\/api.w.org\/{rel}","templated":true}]}}